{"id":3309,"date":"2025-03-08T14:47:30","date_gmt":"2025-03-08T19:47:30","guid":{"rendered":"https:\/\/kentokukan.com\/?page_id=3309"},"modified":"2025-03-08T16:06:45","modified_gmt":"2025-03-08T21:06:45","slug":"biography-of-shinan-wayne-donivan-9th-dan","status":"publish","type":"page","link":"https:\/\/kentokukan.com\/fr\/biography-of-shinan-wayne-donivan-9th-dan\/","title":{"rendered":"Biographie de Shinan Wayne Donivan (9e Dan)"},"content":{"rendered":"<div class=\"wp-block-image\">\n<figure class=\"aligncenter size-large is-resized\"><img loading=\"lazy\" decoding=\"async\" width=\"682\" height=\"1024\" src=\"https:\/\/kentokukan.com\/wp-content\/uploads\/2025\/03\/Shinan-Wayne-Donivan-Feb-2025-682x1024.jpg\" alt=\"\" class=\"wp-image-3312\" style=\"width:333px;height:auto\" srcset=\"https:\/\/kentokukan.com\/wp-content\/uploads\/2025\/03\/Shinan-Wayne-Donivan-Feb-2025-682x1024.jpg 682w, https:\/\/kentokukan.com\/wp-content\/uploads\/2025\/03\/Shinan-Wayne-Donivan-Feb-2025-200x300.jpg 200w, https:\/\/kentokukan.com\/wp-content\/uploads\/2025\/03\/Shinan-Wayne-Donivan-Feb-2025-768x1152.jpg 768w, https:\/\/kentokukan.com\/wp-content\/uploads\/2025\/03\/Shinan-Wayne-Donivan-Feb-2025-1024x1536.jpg 1024w, https:\/\/kentokukan.com\/wp-content\/uploads\/2025\/03\/Shinan-Wayne-Donivan-Feb-2025-1365x2048.jpg 1365w, https:\/\/kentokukan.com\/wp-content\/uploads\/2025\/03\/Shinan-Wayne-Donivan-Feb-2025-8x12.jpg 8w, https:\/\/kentokukan.com\/wp-content\/uploads\/2025\/03\/Shinan-Wayne-Donivan-Feb-2025-938x1408.jpg 938w, https:\/\/kentokukan.com\/wp-content\/uploads\/2025\/03\/Shinan-Wayne-Donivan-Feb-2025-1130x1696.jpg 1130w, https:\/\/kentokukan.com\/wp-content\/uploads\/2025\/03\/Shinan-Wayne-Donivan-Feb-2025-scaled.jpg 1706w\" sizes=\"(max-width: 682px) 100vw, 682px\" \/><\/figure><\/div>\n\n\n<p>Shinan Donivan a consacr\u00e9 toute sa vie d'adulte \u00e0 l'\u00e9tude, \u00e0 l'enseignement et \u00e0 la promotion du Shorinjiryu Karatedo. Son influence s'\u00e9tend au-del\u00e0 du dojo, fa\u00e7onnant des g\u00e9n\u00e9rations de budoka, de dirigeants et de professionnels. Vous trouverez ci-dessous quelques-unes de ses nombreuses contributions.<\/p>\n\n\n\n<hr class=\"wp-block-separator has-alpha-channel-opacity is-style-wide\"\/>\n\n\n\n<h3 class=\"wp-block-heading\"><strong>Parcours et r\u00e9alisations en arts martiaux<\/strong><\/h3>\n\n\n\n<h4 class=\"wp-block-heading\"><strong>D\u00e9but de la formation et promotions<\/strong><\/h4>\n\n\n\n<ul class=\"wp-block-list\">\n<li><strong>1967<\/strong>&nbsp;\u2013 D\u00e9but de la formation \u00e0 l\u2019Acad\u00e9mie Seidokwan de judo et de karat\u00e9 sous la direction de Sensei Masayuki Hisataka (alors 7e Dan).<\/li>\n\n\n\n<li><strong>1969-1976<\/strong>&nbsp;\u2013 Premier Canadien \u00e0 obtenir les rangs de Shodan \u00e0 Godan en karat\u00e9 Shorinjiryu Kenkokan.<\/li>\n\n\n\n<li><strong>1977<\/strong>&nbsp;\u2013 Obtient un Godan de Kaiso Kori Hisataka, fondateur du karat\u00e9 Shorinjiryu Kenkokan, au si\u00e8ge social de Kenkokan \u00e0 Tokyo, au Japon.<\/li>\n\n\n\n<li><strong>1985<\/strong>&nbsp;\u2013 Premier Canadien \u00e0 obtenir le 6e Dan (Brisbane, Australie).<\/li>\n\n\n\n<li><strong>1991<\/strong>&nbsp;\u2013 Obtient le 7e Dan en karat\u00e9do Shorinjiryu Kenkokan et le 8e Dan en karat\u00e9do Koshiki (Eastman, Qu\u00e9bec).<\/li>\n\n\n\n<li><strong>2010<\/strong>&nbsp;\u2013 Assume le rang de 9e Dan en tant que fondateur du Shorinjiryu Kentokukan Karatedo.<\/li>\n<\/ul>\n\n\n\n<h4 class=\"wp-block-heading\"><strong>Succ\u00e8s en comp\u00e9tition<\/strong><\/h4>\n\n\n\n<ul class=\"wp-block-list\">\n<li><strong>1970-1974<\/strong>&nbsp;\u2013 Cinq fois champion d'Am\u00e9rique du Nord.<\/li>\n<\/ul>\n\n\n\n<hr class=\"wp-block-separator has-alpha-channel-opacity is-style-wide\"\/>\n\n\n\n<h3 class=\"wp-block-heading\"><strong>Enseignement et coaching<\/strong><\/h3>\n\n\n\n<h4 class=\"wp-block-heading\"><strong>Enseignement acad\u00e9mique et au dojo<\/strong><\/h4>\n\n\n\n<ul class=\"wp-block-list\">\n<li><strong>1969-1973<\/strong>\u00a0\u2013 Instructeur adjoint de Sensei Masayuki Hisataka \u00e0 l'Universit\u00e9 McGill.<\/li>\n\n\n\n<li><strong>1973<\/strong>\u00a0\u2013 \u00c9tablit le programme de karat\u00e9do junior au Seidokwan Honbu Dojo.<\/li>\n\n\n\n<li><strong>1974<\/strong>\u00a0\u2013 Nomm\u00e9 instructeur en chef de karat\u00e9 Kenkokan en Am\u00e9rique du Nord par Sensei Masayuki Hisataka, lan\u00e7ant une carri\u00e8re d'enseignant \u00e0 temps plein \u00e0 Seidokwan, \u00e0 l'Universit\u00e9 McGill et au Coll\u00e8ge Dawson.<\/li>\n\n\n\n<li><strong>1977-1980<\/strong>\u00a0\u2013 Instructeur pour les \u00e9tudiants de 2e ann\u00e9e en \u00e9ducation physique \u00e0 l'Universit\u00e9 McGill.<\/li>\n\n\n\n<li><strong>1980-2010<\/strong>\u00a0\u2013 Professeur d'\u00e9ducation physique \u00e0 temps plein au Coll\u00e8ge Dawson, sp\u00e9cialis\u00e9 en arts martiaux.<\/li>\n\n\n\n<li><strong>1982-1993<\/strong>\u00a0\u2013 Enseigne le karat\u00e9do Shorinjiryu Kenkokan dans le cadre du programme d'athl\u00e9tisme du Coll\u00e8ge Dawson.<\/li>\n\n\n\n<li><strong>1994-2020<\/strong>\u00a0\u2013 Enseigne le karat\u00e9do Shorinjiryu Kentokukan dans le cadre du programme d\u2019athl\u00e9tisme du Coll\u00e8ge Dawson.<\/li>\n\n\n\n<li><strong>2009-2014<\/strong> \u2013 A jou\u00e9 un r\u00f4le central dans le programme SMART (Sustainable Martial Arts Recreational Training), enseignant et encadrant de jeunes adultes pour favoriser le leadership et la pr\u00e9vention du crime au sein des communaut\u00e9s inuites du Nunavik, au Qu\u00e9bec.<\/li>\n\n\n\n<li><strong>\u2013 Enseigne des cours de ceinture noire au Kentokukan Honbu (Kazoku Kai) Dojo.<\/strong>\u00a0\u2013 Teaches black belt classes at the Kentokukan Honbu (Kazoku Kai) Dojo.<\/li>\n<\/ul>\n\n\n\n<h4 class=\"wp-block-heading\"><strong>Coaching et leadership international<\/strong><\/h4>\n\n\n\n<ul class=\"wp-block-list\">\n<li>Entra\u00eeneur-chef et chef de 12 \u00e9quipes internationales canadiennes de Shorinjiryu.<\/li>\n\n\n\n<li>De 1977 \u00e0 2007, a guid\u00e9 des \u00e9quipes lors de tournois internationaux \u00e0 Tokyo, Maracaibo, Brisbane, Los Angeles, Montr\u00e9al, Amsterdam, Yanagawa, Lisbonne, etc.<\/li>\n<\/ul>\n\n\n\n<hr class=\"wp-block-separator has-alpha-channel-opacity is-style-wide\"\/>\n\n\n\n<h3 class=\"wp-block-heading\"><strong>Contributions comme pionnier du karat\u00e9 Koshiki moderne<\/strong><\/h3>\n\n\n\n<ul class=\"wp-block-list\">\n<li>Premier \u00e0 introduire le karat\u00e9 Koshiki moderne en Am\u00e9rique du Nord.<\/li>\n\n\n\n<li>Premier \u00e0 importer l'\u00e9quipement de protection Koshiki moderne en Am\u00e9rique du Nord.<\/li>\n\n\n\n<li>Directeur du comit\u00e9 des r\u00e8gles et de l'arbitrage de la WKKF.<\/li>\n\n\n\n<li>H\u00f4te et organisateur en chef du 7e championnat WKKF.<\/li>\n\n\n\n<li>Arbitre en chef pour six championnats WKKF.<\/li>\n<\/ul>\n\n\n\n<hr class=\"wp-block-separator has-alpha-channel-opacity is-style-wide\"\/>\n\n\n\n<h3 class=\"wp-block-heading\"><strong>\u00c9ducation et recherche<\/strong><\/h3>\n\n\n\n<ul class=\"wp-block-list\">\n<li><strong>1980<\/strong>\u00a0\u2013 Obtient un baccalaur\u00e9at en \u00e9ducation physique de l\u2019Universit\u00e9 McGill.<\/li>\n\n\n\n<li><strong>1973<\/strong>\u00a0\u2013 Mod\u00e8le pour la premi\u00e8re \u00e9dition de Scientific Karatedo. <em>Scientific Karatedo<\/em>.<\/li>\n\n\n\n<li><strong>1977<\/strong>\u00a0\u2013 Assistant de recherche pour le projet Modern Koshiki.<\/li>\n\n\n\n<li><strong>1985-2010<\/strong>\u00a0\u2013 \u00c9labore le programme d\u2019arts martiaux du Coll\u00e8ge Dawson.<\/li>\n\n\n\n<li><strong>1989<\/strong>\u00a0\u2013 Co-auteur de\u00a0<em>Le Karat\u00e9 Koshiki.<\/em>.<\/li>\n\n\n\n<li><strong>2019<\/strong>\u00a0Auteur de\u00a0<em>l\u2019anthologie Shorinjiryu Kentokukan.<\/em>.<\/li>\n<\/ul>\n\n\n\n<hr class=\"wp-block-separator has-alpha-channel-opacity is-style-wide\"\/>\n\n\n\n<h3 class=\"wp-block-heading\"><strong>H\u00e9ritage et impact<\/strong><\/h3>\n\n\n\n<p>Au-del\u00e0 de ses r\u00e9alisations techniques, Shinan Donivan est largement consid\u00e9r\u00e9 comme un mentor et un coach de vie. Ses enseignements s\u2019\u00e9tendent au-del\u00e0 du dojo, influen\u00e7ant les \u00e9tudiants dans le d\u00e9veloppement personnel, le leadership et la r\u00e9ussite professionnelle. Gr\u00e2ce \u00e0 des programmes de formation en entreprise et \u00e0 des initiatives de mentorat, il a offert \u00e0 des individus des exp\u00e9riences qui ont chang\u00e9 leur vie, les aidant \u00e0 d\u00e9passer leur plein potentiel. Sa capacit\u00e9 \u00e0 inculquer la discipline, la confiance et une base morale solide a laiss\u00e9 un impact durable sur d\u2019innombrables \u00e9tudiants dans le monde entier.<\/p>\n\n\n\n<p>Le d\u00e9vouement ind\u00e9fectible de Shinan Donivan aux arts martiaux et \u00e0 sa communaut\u00e9 continue d\u2019inspirer de nouvelles g\u00e9n\u00e9rations d\u2019artistes martiaux et de dirigeants. Son h\u00e9ritage n\u2019est pas seulement celui d\u2019une comp\u00e9tence et d\u2019une r\u00e9ussite, mais aussi d\u2019une profonde influence sur la vie de ceux qu\u2019il a enseign\u00e9s et encadr\u00e9s.<\/p>\n\n\n<style type=\"text\/css\">\r\n\t#foogallery-gallery-2173 .fg-image {\r\n        width: 320px;\r\n    }\r\n<\/style>\r\n\t\t\t\t<div class=\"foogallery foogallery-container foogallery-foogridpro foogrid foogrid-cols-4 fg-foogridpro fg-light fg-border-thin fg-shadow-outline fg-loading-default fg-loaded-fade-in fg-caption-hover fg-hover-fade fg-hover-zoom fg-ready foogrid-cols-4\" id=\"foogallery-gallery-2173\" data-foogallery=\"{&quot;template&quot;:{&quot;thumbs&quot;:&quot;none&quot;,&quot;info&quot;:&quot;bottom&quot;,&quot;infoVisible&quot;:true,&quot;infoOverlay&quot;:true,&quot;infoAlign&quot;:&quot;default&quot;,&quot;transition&quot;:&quot;fade&quot;,&quot;hoverButtons&quot;:false,&quot;fitMedia&quot;:false,&quot;noScrollbars&quot;:true,&quot;preserveButtonSpace&quot;:true,&quot;video&quot;:{&quot;autoPlay&quot;:true},&quot;loop&quot;:true,&quot;scroll&quot;:true,&quot;scrollSmooth&quot;:true,&quot;scrollOffset&quot;:0},&quot;item&quot;:{&quot;showCaptionTitle&quot;:true,&quot;showCaptionDescription&quot;:true},&quot;lazy&quot;:true}\" >\r\n\t<div class=\"fg-item fg-type-image fg-idle\"><figure class=\"fg-item-inner\"><a href=\"https:\/\/kentokukan.com\/wp-content\/uploads\/2019\/08\/Shinan-about-3.jpg\" data-attachment-id=\"2171\" data-type=\"image\" class=\"fg-thumb\"><span class=\"fg-image-wrap\"><img decoding=\"async\" width=\"226\" height=\"180\" class=\"skip-lazy fg-image\" data-src-fg=\"https:\/\/kentokukan.com\/wp-content\/uploads\/cache\/2019\/08\/Shinan-about-3\/582277339.jpg\" src=\"data:image\/svg+xml,%3Csvg%20xmlns%3D%22http%3A%2F%2Fwww.w3.org%2F2000%2Fsvg%22%20width%3D%22226%22%20height%3D%22180%22%20viewBox%3D%220%200%20226%20180%22%3E%3C%2Fsvg%3E\" loading=\"eager\"><\/span><span class=\"fg-image-overlay\"><\/span><\/a><figcaption class=\"fg-caption\"><div class=\"fg-caption-inner\"><\/div><\/figcaption><\/figure><div class=\"fg-loader\"><\/div><\/div><div class=\"fg-item fg-type-image fg-idle\"><figure class=\"fg-item-inner\"><a href=\"https:\/\/kentokukan.com\/wp-content\/uploads\/2019\/08\/Shinan-About-1.jpg\" data-attachment-id=\"2170\" data-type=\"image\" class=\"fg-thumb\"><span class=\"fg-image-wrap\"><img decoding=\"async\" width=\"194\" height=\"180\" class=\"skip-lazy fg-image\" data-src-fg=\"https:\/\/kentokukan.com\/wp-content\/uploads\/cache\/2019\/08\/Shinan-About-1\/4159575843.jpg\" src=\"data:image\/svg+xml,%3Csvg%20xmlns%3D%22http%3A%2F%2Fwww.w3.org%2F2000%2Fsvg%22%20width%3D%22194%22%20height%3D%22180%22%20viewBox%3D%220%200%20194%20180%22%3E%3C%2Fsvg%3E\" loading=\"eager\"><\/span><span class=\"fg-image-overlay\"><\/span><\/a><figcaption class=\"fg-caption\"><div class=\"fg-caption-inner\"><\/div><\/figcaption><\/figure><div class=\"fg-loader\"><\/div><\/div><div class=\"fg-item fg-type-image fg-idle\"><figure class=\"fg-item-inner\"><a href=\"https:\/\/kentokukan.com\/wp-content\/uploads\/2019\/08\/Shinan-About-2.jpg\" data-attachment-id=\"2169\" data-type=\"image\" class=\"fg-thumb\"><span class=\"fg-image-wrap\"><img fetchpriority=\"high\" decoding=\"async\" width=\"285\" height=\"180\" class=\"skip-lazy fg-image\" data-src-fg=\"https:\/\/kentokukan.com\/wp-content\/uploads\/cache\/2019\/08\/Shinan-About-2\/2343837263.jpg\" src=\"data:image\/svg+xml,%3Csvg%20xmlns%3D%22http%3A%2F%2Fwww.w3.org%2F2000%2Fsvg%22%20width%3D%22285%22%20height%3D%22180%22%20viewBox%3D%220%200%20285%20180%22%3E%3C%2Fsvg%3E\" loading=\"eager\"><\/span><span class=\"fg-image-overlay\"><\/span><\/a><figcaption class=\"fg-caption\"><div class=\"fg-caption-inner\"><\/div><\/figcaption><\/figure><div class=\"fg-loader\"><\/div><\/div><div class=\"fg-item fg-type-image fg-idle\"><figure class=\"fg-item-inner\"><a href=\"https:\/\/kentokukan.com\/wp-content\/uploads\/2019\/08\/Shinan-About-4.jpg\" data-attachment-id=\"2168\" data-type=\"image\" class=\"fg-thumb\"><span class=\"fg-image-wrap\"><img decoding=\"async\" width=\"299\" height=\"180\" class=\"skip-lazy fg-image\" data-src-fg=\"https:\/\/kentokukan.com\/wp-content\/uploads\/cache\/2019\/08\/Shinan-About-4\/398501781.jpg\" src=\"data:image\/svg+xml,%3Csvg%20xmlns%3D%22http%3A%2F%2Fwww.w3.org%2F2000%2Fsvg%22%20width%3D%22299%22%20height%3D%22180%22%20viewBox%3D%220%200%20299%20180%22%3E%3C%2Fsvg%3E\" loading=\"eager\"><\/span><span class=\"fg-image-overlay\"><\/span><\/a><figcaption class=\"fg-caption\"><div class=\"fg-caption-inner\"><\/div><\/figcaption><\/figure><div class=\"fg-loader\"><\/div><\/div><\/div>\n\n\n<p class=\"has-text-align-right\">Derni\u00e8re mise \u00e0 jour mars 2025<\/p>","protected":false},"excerpt":{"rendered":"<p>Shinan Donivan has dedicated his entire adult life to studying, teaching, and promoting Shorinjiryu Karatedo. His influence extends beyond the dojo, shaping generations of martial [&hellip;]<\/p>","protected":false},"author":296,"featured_media":0,"parent":0,"menu_order":0,"comment_status":"closed","ping_status":"closed","template":"","meta":{"footnotes":""},"class_list":["post-3309","page","type-page","status-publish","hentry"],"_links":{"self":[{"href":"https:\/\/kentokukan.com\/fr\/wp-json\/wp\/v2\/pages\/3309"}],"collection":[{"href":"https:\/\/kentokukan.com\/fr\/wp-json\/wp\/v2\/pages"}],"about":[{"href":"https:\/\/kentokukan.com\/fr\/wp-json\/wp\/v2\/types\/page"}],"author":[{"embeddable":true,"href":"https:\/\/kentokukan.com\/fr\/wp-json\/wp\/v2\/users\/296"}],"replies":[{"embeddable":true,"href":"https:\/\/kentokukan.com\/fr\/wp-json\/wp\/v2\/comments?post=3309"}],"version-history":[{"count":6,"href":"https:\/\/kentokukan.com\/fr\/wp-json\/wp\/v2\/pages\/3309\/revisions"}],"predecessor-version":[{"id":3317,"href":"https:\/\/kentokukan.com\/fr\/wp-json\/wp\/v2\/pages\/3309\/revisions\/3317"}],"wp:attachment":[{"href":"https:\/\/kentokukan.com\/fr\/wp-json\/wp\/v2\/media?parent=3309"}],"curies":[{"name":"wp","href":"https:\/\/api.w.org\/{rel}","templated":true}]}}