{"id":2679,"date":"2020-10-14T11:07:48","date_gmt":"2020-10-14T15:07:48","guid":{"rendered":"https:\/\/kentokukan.com\/?page_id=2679"},"modified":"2021-06-13T12:11:04","modified_gmt":"2021-06-13T16:11:04","slug":"new-kentokukan-home","status":"publish","type":"page","link":"https:\/\/kentokukan.com\/fr\/","title":{"rendered":"Shorinjiryu Kentokukan Karatedo"},"content":{"rendered":"<div class=\"wp-block-getwid-section alignfull has-inner-blocks-gap-normal getwid-section-content-full-width\"><div class=\"wp-block-getwid-section__wrapper getwid-padding-top-large getwid-padding-bottom-large getwid-padding-left-medium getwid-padding-right-medium getwid-align-items-tablet-center getwid-align-items-mobile-center getwid-justify-content-tablet-center getwid-justify-content-mobile-center\" style=\"min-height:70vh\"><div class=\"wp-block-getwid-section__inner-wrapper\"><div class=\"wp-block-getwid-section__background-holder\"><div class=\"wp-block-getwid-section__background\" style=\"background-image:url('https:\/\/kentokukan.com\/wp-content\/uploads\/2019\/06\/Kentokukan-Fall-Classic-2017-157.jpg');background-repeat:no-repeat;background-attachment:fixed\"><div class=\"wp-block-getwid-section__background-image-wrapper\"><img decoding=\"async\" class=\"wp-block-getwid-section__background-image\" src=\"https:\/\/kentokukan.com\/wp-content\/uploads\/2019\/06\/Kentokukan-Fall-Classic-2017-157.jpg\" alt=\"\"\/><\/div><\/div><div class=\"wp-block-getwid-section__foreground\" style=\"opacity:0.65;background-color:#000000\"><\/div><\/div><div class=\"wp-block-getwid-section__content\"><div class=\"wp-block-getwid-section__inner-content\">\n<div class=\"wp-block-getwid-image-box has-text-center has-mobile-layout-default has-mobile-alignment-default\"><div class=\"wp-block-getwid-image-box__image-container is-position-top\"><div class=\"wp-block-getwid-image-box__image-wrapper\"><img loading=\"lazy\" decoding=\"async\" width=\"300\" height=\"297\" src=\"https:\/\/kentokukan.com\/wp-content\/uploads\/2016\/10\/KENTOKUKAN-CREST-300x297.png\" class=\"wp-block-getwid-image-box__image wp-image-278\" srcset=\"https:\/\/kentokukan.com\/wp-content\/uploads\/2016\/10\/KENTOKUKAN-CREST-300x297.png 300w, https:\/\/kentokukan.com\/wp-content\/uploads\/2016\/10\/KENTOKUKAN-CREST-150x150.png 150w, https:\/\/kentokukan.com\/wp-content\/uploads\/2016\/10\/KENTOKUKAN-CREST-768x761.png 768w, https:\/\/kentokukan.com\/wp-content\/uploads\/2016\/10\/KENTOKUKAN-CREST-1024x1015.png 1024w, https:\/\/kentokukan.com\/wp-content\/uploads\/2016\/10\/KENTOKUKAN-CREST.png 1761w\" sizes=\"(max-width: 300px) 100vw, 300px\" \/><\/div><\/div><div class=\"wp-block-getwid-image-box__content\">\n<h3 class=\"wp-block-heading\"><\/h3>\n\n\n\n<p><\/p>\n<\/div><\/div>\n\n\n\n<div class=\"wp-block-getwid-advanced-heading\" style=\"margin-bottom:0px;margin-top:0px\"><span class=\"wp-block-getwid-advanced-heading__content has-text-color\" style=\"text-align:center;color:#ffffff\">L\u2019\u00e9cole martiale pour le d\u00e9veloppement de la vertue et du sens moral<\/span><\/div>\n\n\n\n<h2 class=\"has-text-align-center has-white-color has-text-color wp-block-heading\">Shorinjiryu Kentokukan Karatedo<\/h2>\n\n\n\n<p class=\"has-text-align-center has-text-color\" style=\"color:#ffffff\">Ne jamais cesser de cro\u00eetre, de d\u00e9velopper et d\u2019entretenir son corps, d\u2019\u00e9largir et de polir son esprit.<\/p>\n\n\n\n<div class=\"wp-block-getwid-advanced-spacer\" style=\"height:20px\" aria-hidden=\"true\"><\/div>\n\n\n\n<div class=\"wp-block-buttons is-content-justification-center is-layout-flex wp-block-buttons-is-layout-flex\">\n<div class=\"wp-block-button\"><a class=\"wp-block-button__link\" href=\"https:\/\/kentokukan.com\/fr\/kentokukan-history-and-mission-statement\/\" target=\"_blank\" rel=\"noreferrer noopener\">pour en savoir plus<\/a><\/div>\n<\/div>\n<\/div><\/div><\/div><\/div><\/div>\n\n\n\n<div class=\"wp-block-getwid-section alignfull alignfull getwid-section-content-custom-width\"><div class=\"wp-block-getwid-section__wrapper getwid-padding-top-large getwid-padding-bottom-large getwid-padding-left-medium getwid-padding-right-medium\" style=\"min-height:70vh\"><div class=\"wp-block-getwid-section__inner-wrapper\" style=\"max-width:1140px\"><div class=\"wp-block-getwid-section__background-holder\"><div class=\"wp-block-getwid-section__background has-background\" style=\"background-color:#590404\"><\/div><div class=\"wp-block-getwid-section__foreground\" style=\"opacity:0;background-color:#000000\"><\/div><\/div><div class=\"wp-block-getwid-section__content\"><div class=\"wp-block-getwid-section__inner-content\">\n<h2 class=\"has-text-align-center has-white-color has-text-color wp-block-heading\">Information<\/h2>\n\n\n\n<div class=\"wp-block-getwid-advanced-spacer\" style=\"height:40px\" aria-hidden=\"true\"><\/div>\n\n\n\n<div class=\"wp-block-columns alignfull has-3-columns is-layout-flex wp-container-core-columns-is-layout-1 wp-block-columns-is-layout-flex\">\n<div class=\"wp-block-column is-layout-flow wp-block-column-is-layout-flow\">\n<div class=\"wp-block-getwid-section\"><div class=\"wp-block-getwid-section__wrapper\"><div class=\"wp-block-getwid-section__inner-wrapper\"><div class=\"wp-block-getwid-section__background-holder\"><div class=\"wp-block-getwid-section__background has-background\" style=\"background-color:#ffffff\"><\/div><div class=\"wp-block-getwid-section__foreground\"><\/div><\/div><div class=\"wp-block-getwid-section__content\"><div class=\"wp-block-getwid-section__inner-content\">\n<div class=\"wp-block-getwid-icon-box getwid-animation has-text-center\" data-animation=\"zoomBig\"><div class=\"wp-block-getwid-icon-box__icon-container is-position-top\"><a href=\"https:\/\/kentokukan.com\/fr\/register\/\" class=\"wp-block-getwid-icon-box__icon-wrapper has-text-color\" style=\"color:#590404\"><i class=\"fas fa-user\"><\/i><\/a><\/div><div class=\"wp-block-getwid-icon-box__content\">\n<h3 class=\"wp-block-heading\">S'inscrire<\/h3>\n<\/div><\/div>\n<\/div><\/div><\/div><\/div><\/div>\n<\/div>\n\n\n\n<div class=\"wp-block-column is-layout-flow wp-block-column-is-layout-flow\">\n<div class=\"wp-block-getwid-section\"><div class=\"wp-block-getwid-section__wrapper\"><div class=\"wp-block-getwid-section__inner-wrapper\"><div class=\"wp-block-getwid-section__background-holder\"><div class=\"wp-block-getwid-section__background has-background\" style=\"background-color:#ffffff\"><\/div><div class=\"wp-block-getwid-section__foreground\"><\/div><\/div><div class=\"wp-block-getwid-section__content\"><div class=\"wp-block-getwid-section__inner-content\">\n<div class=\"wp-block-getwid-icon-box getwid-animation has-text-center\" data-animation=\"zoomBig\"><div class=\"wp-block-getwid-icon-box__icon-container is-position-top\"><a href=\"https:\/\/kentokukan.com\/fr\/calendar\/\" class=\"wp-block-getwid-icon-box__icon-wrapper has-text-color\" style=\"color:#590404\"><i class=\"fas fa-calendar-alt\"><\/i><\/a><\/div><div class=\"wp-block-getwid-icon-box__content\">\n<h3 class=\"wp-block-heading\">Calendrier<\/h3>\n<\/div><\/div>\n<\/div><\/div><\/div><\/div><\/div>\n<\/div>\n\n\n\n<div class=\"wp-block-column is-layout-flow wp-block-column-is-layout-flow\">\n<div class=\"wp-block-getwid-section\"><div class=\"wp-block-getwid-section__wrapper\"><div class=\"wp-block-getwid-section__inner-wrapper\"><div class=\"wp-block-getwid-section__background-holder\"><div class=\"wp-block-getwid-section__background has-background\" style=\"background-color:#ffffff\"><\/div><div class=\"wp-block-getwid-section__foreground\"><\/div><\/div><div class=\"wp-block-getwid-section__content\"><div class=\"wp-block-getwid-section__inner-content\">\n<div class=\"wp-block-getwid-icon-box getwid-animation has-text-center\" data-animation=\"zoomBig\"><div class=\"wp-block-getwid-icon-box__icon-container is-position-top\"><a href=\"https:\/\/kentokukan.com\/fr\/karate-training-centers-dojo\/\" class=\"wp-block-getwid-icon-box__icon-wrapper has-text-color\" style=\"color:#590404\"><i class=\"fas fa-map-marker-alt\"><\/i><\/a><\/div><div class=\"wp-block-getwid-icon-box__content\">\n<h3 class=\"wp-block-heading\">Nos Dojos<\/h3>\n<\/div><\/div>\n<\/div><\/div><\/div><\/div><\/div>\n<\/div>\n\n\n\n<div class=\"wp-block-column is-layout-flow wp-block-column-is-layout-flow\">\n<div class=\"wp-block-getwid-section\"><div class=\"wp-block-getwid-section__wrapper\"><div class=\"wp-block-getwid-section__inner-wrapper\"><div class=\"wp-block-getwid-section__background-holder\"><div class=\"wp-block-getwid-section__background has-background has-white-background-color\"><\/div><div class=\"wp-block-getwid-section__foreground\"><\/div><\/div><div class=\"wp-block-getwid-section__content\"><div class=\"wp-block-getwid-section__inner-content\">\n<div class=\"wp-block-getwid-icon-box getwid-animation has-text-center\" data-animation=\"zoomBig\"><div class=\"wp-block-getwid-icon-box__icon-container is-position-top\"><a href=\"https:\/\/kentokukan.com\/fr\/kentokukan-programs\/\" class=\"wp-block-getwid-icon-box__icon-wrapper has-text-color\" style=\"color:#590404\"><i class=\"fas fa-university\"><\/i><\/a><\/div><div class=\"wp-block-getwid-icon-box__content\">\n<h3 class=\"wp-block-heading\">Programmes<\/h3>\n<\/div><\/div>\n<\/div><\/div><\/div><\/div><\/div>\n<\/div>\n<\/div>\n<\/div><\/div><\/div><\/div><\/div>\n\n\n\n<div class=\"wp-block-getwid-video-popup\"><a class=\"wp-block-getwid-video-popup__link\" href=\"https:\/\/youtu.be\/qZNBlE_Gziw\"><div class=\"wp-block-getwid-video-popup__wrapper\"><div class=\"wp-block-getwid-video-popup__button is-style-outline has-animation-pulse is-size-large\" style=\"border-color:#045858\"><div class=\"wp-block-getwid-video-popup__icon has-text-color has-white-color has-background\" style=\"background-color:#045858;border-color:#045858\"><i class=\"fas fa-play\"><\/i><\/div><div class=\"wp-block-getwid-video-popup__button-caption\"><p class=\"wp-block-getwid-video-popup__title has-text-color has-black-color\">Learn More About Kentokukan<\/p><\/div><\/div><\/div><\/a><\/div>\n\n\n\n<div class=\"wp-block-getwid-section alignfull getwid-section-content-custom-width\"><div class=\"wp-block-getwid-section__wrapper getwid-padding-left-medium getwid-padding-right-medium\"><div class=\"wp-block-getwid-section__inner-wrapper\" style=\"max-width:1140px\"><div class=\"wp-block-getwid-section__background-holder\"><div class=\"wp-block-getwid-section__background has-background\" style=\"background-color:#590404;background-image:url('https:\/\/kentokukan.com\/wp-content\/uploads\/2019\/06\/Untitled-3.jpg');background-repeat:no-repeat;background-attachment:fixed\"><div class=\"wp-block-getwid-section__background-image-wrapper\"><img decoding=\"async\" class=\"wp-block-getwid-section__background-image\" src=\"https:\/\/kentokukan.com\/wp-content\/uploads\/2019\/06\/Untitled-3.jpg\" alt=\"\"\/><\/div><\/div><div class=\"wp-block-getwid-section__foreground\" style=\"opacity:0.5;background-color:#590404;mix-blend-mode:normal\"><\/div><\/div><div class=\"wp-block-getwid-section__content\"><div class=\"wp-block-getwid-section__inner-content\">\n<h2 class=\"has-text-align-center has-white-color has-text-color wp-block-heading\">Qui sommes-nous?<\/h2>\n\n\n\n<div class=\"wp-block-getwid-advanced-spacer\" style=\"height:40px\" aria-hidden=\"true\"><\/div>\n\n\n\n<div class=\"wp-block-columns are-vertically-aligned-top has-3-columns is-layout-flex wp-container-core-columns-is-layout-2 wp-block-columns-is-layout-flex\">\n<div class=\"wp-block-column is-vertically-aligned-top is-layout-flow wp-block-column-is-layout-flow\">\n<div class=\"wp-block-getwid-section\"><div class=\"wp-block-getwid-section__wrapper\"><div class=\"wp-block-getwid-section__inner-wrapper\"><div class=\"wp-block-getwid-section__background-holder\"><div class=\"wp-block-getwid-section__background has-background has-white-background-color\"><\/div><div class=\"wp-block-getwid-section__foreground\"><\/div><\/div><div class=\"wp-block-getwid-section__content\"><div class=\"wp-block-getwid-section__inner-content\">\n<p class=\"has-black-color has-text-color\" id=\"block-6b420811-7184-4c2a-b94c-6b13be9ec334\">L\u2019\u00e9cole  Kentokukan du karatedo de tradition Shorinjiryu est le r\u00e9sultat des influences chinoise, okinawaienne et canadienne. Un amalgame de philosophies orientales et occidentales, l\u2019ancien et le nouveau monde dans une m\u00eame \u00e9cole martiale offrant \u00e0 ses \u00e9tudiants le meilleur des deux mondes<\/p>\n\n\n\n<p class=\"has-black-color has-text-color\" id=\"block-4198db6b-f5a9-4de3-91de-b888e93753c6\">Le Karatedo Shorinjiryu Kentokukan offre des programmes d\u2019entra\u00eenement pour les enfants et pour les adultes. Le programme pour enfant (4-17 ans) vise le d\u00e9veloppement de l\u2019estime de soi, de la concentration, de la discipline, de la forme physique, de la capacit\u00e9 \u00e0 r\u00e9soudre des probl\u00e8mes et de l\u2019esprit de comp\u00e9tition.<\/p>\n\n\n\n<p class=\"has-black-color has-text-color\" id=\"block-d87324db-e80e-4b20-894d-784147547db7\">Le programme pour adultes quant \u00e0 lui vise un large \u00e9ventail de d\u00e9veloppement et d\u2019acquisition d\u2019exp\u00e9riences notamment la mise en forme, diverses comp\u00e9tences martiales, la comp\u00e9tition (optionnelle), des techniques de contr\u00f4le du stress, le bien-\u00eatre personnel et les relations interpersonnelles.<\/p>\n\n\n\n<p class=\"has-black-color has-text-color\" id=\"block-87a805db-0a23-4f02-a8e6-1c7c1f3e386e\">Chacun a ses propres besoins en mati\u00e8re d\u2019accomplissements personnels. Nous croyons sinc\u00e8rement que le karatedo est le meilleur moyen pour nous permettre de vous aider \u00e0 faire une diff\u00e9rence dans votre vie.<\/p>\n\n\n\n<p class=\"has-black-color has-text-color\" id=\"block-73a0fd3d-8543-436a-b0b4-cd36007289eb\">Les cours de karatedo offerts dans nos dojos sont donn\u00e9s par des instructeurs certifi\u00e9s de la f\u00e9d\u00e9ration Karatedo Shorinjiryu Kentokukan selon les lignes directrices et les politiques de l\u2019organisme.<\/p>\n<\/div><\/div><\/div><\/div><\/div>\n<\/div>\n\n\n\n<div class=\"wp-block-column is-vertically-aligned-top is-layout-flow wp-block-column-is-layout-flow\">\n<div class=\"wp-block-getwid-section\"><div class=\"wp-block-getwid-section__wrapper\"><div class=\"wp-block-getwid-section__inner-wrapper\"><div class=\"wp-block-getwid-section__background-holder\"><div class=\"wp-block-getwid-section__background has-background has-white-background-color\"><\/div><div class=\"wp-block-getwid-section__foreground\"><\/div><\/div><div class=\"wp-block-getwid-section__content\"><div class=\"wp-block-getwid-section__inner-content\">\n<h3 class=\"has-black-color has-text-color wp-block-heading\">La devise de Shorinjiryu Kentokukan Karatedo<\/h3>\n\n\n\n<p class=\"has-black-color has-text-color\">Ne jamais cesser de cro\u00eetre, de d\u00e9velopper et d\u2019entretenir son corps, d\u2019\u00e9largir et de polir son esprit.<\/p>\n\n\n\n<h3 class=\"has-black-color has-text-color wp-block-heading\">Kentokukan Dojo Kun<\/h3>\n\n\n\n<p class=\"has-black-color has-text-color\">Le Karatedo commence et se termine dans le respect, la tol\u00e9rance et la bonne volont\u00e9.<\/p>\n\n\n\n<p class=\"has-black-color has-text-color\">Recherchons le positif dans toute chose.<\/p>\n\n\n\n<p class=\"has-black-color has-text-color\">Travaillons \u00e0 d\u00e9couvrir notre vraie personne.<\/p>\n\n\n\n<p class=\"has-black-color has-text-color\">D\u00e9montrons l\u2019esprit de notre Karatedo dans chaque chose que nous entreprenons.<\/p>\n\n\n\n<p class=\"has-black-color has-text-color\">Soyons comme la nature, en harmonie avec l\u2019esprit de l\u2019univers.<\/p>\n<\/div><\/div><\/div><\/div><\/div>\n<\/div>\n\n\n\n<div class=\"wp-block-column is-vertically-aligned-top is-layout-flow wp-block-column-is-layout-flow\">\n<div class=\"wp-block-getwid-section\"><div class=\"wp-block-getwid-section__wrapper\"><div class=\"wp-block-getwid-section__inner-wrapper\"><div class=\"wp-block-getwid-section__background-holder\"><div class=\"wp-block-getwid-section__background has-background has-white-background-color\"><\/div><div class=\"wp-block-getwid-section__foreground\"><\/div><\/div><div class=\"wp-block-getwid-section__content\"><div class=\"wp-block-getwid-section__inner-content\">\n<h3 class=\"has-black-color has-text-color wp-block-heading\">La devise junior de Shorinjiryu Kentokukan Karatedo<\/h3>\n\n\n\n<p class=\"has-black-color has-text-color\">Nous sommes forts, nous sommes braves, nous cherchons la sagesse et \u00e0 aider les autres.<\/p>\n\n\n\n<h3 class=\"has-black-color has-text-color wp-block-heading\">Dojo Kun<\/h3>\n\n\n\n<p class=\"has-black-color has-text-color\">Nous sommes cortois.<\/p>\n\n\n\n<p class=\"has-black-color has-text-color\">Nous sommes respectueux.<\/p>\n\n\n\n<p class=\"has-black-color has-text-color\">Nous sommes fiers.<\/p>\n\n\n\n<p class=\"has-black-color has-text-color\">Nous sommes responsables.<\/p>\n\n\n\n<p class=\"has-black-color has-text-color\">Nous avons l'esprit de coop\u00e9ration.<\/p>\n\n\n\n<p class=\"has-black-color has-text-color\">Nous sommes heureux<\/p>\n\n\n\n<p class=\"has-black-color has-text-color\">Nous sommes reconnaissants.<\/p>\n\n\n\n<p class=\"has-black-color has-text-color\">Nous sommes loyaux.<\/p>\n<\/div><\/div><\/div><\/div><\/div>\n<\/div>\n<\/div>\n<\/div><\/div><\/div><\/div><\/div>\n\n\n\n<div class=\"wp-block-getwid-section alignfull alignfull getwid-section-content-custom-width\"><div class=\"wp-block-getwid-section__wrapper getwid-padding-left-medium getwid-padding-right-medium\"><div class=\"wp-block-getwid-section__inner-wrapper\" style=\"max-width:1140px\"><div class=\"wp-block-getwid-section__background-holder\"><div class=\"wp-block-getwid-section__background\"><\/div><div class=\"wp-block-getwid-section__foreground\"><\/div><\/div><div class=\"wp-block-getwid-section__content\"><div class=\"wp-block-getwid-section__inner-content\">\n<div class=\"wp-block-getwid-advanced-heading\" style=\"margin-top:0px\"><span class=\"wp-block-getwid-advanced-heading__content\" style=\"text-align:center\">Restez en contact<\/span><\/div>\n\n\n\n<h2 class=\"has-text-align-center wp-block-heading\">Vous avez des questions?<\/h2>\n\n\n\n<div class=\"wp-block-getwid-advanced-spacer\" style=\"height:40px\" aria-hidden=\"true\"><\/div>\n\n\n\n<div class=\"wp-block-columns has-2-columns is-layout-flex wp-container-core-columns-is-layout-3 wp-block-columns-is-layout-flex\">\n<div class=\"wp-block-column is-layout-flow wp-block-column-is-layout-flow\">\n<h3 class=\"wp-block-heading\">\u00c9crivez-nous<\/h3>\n\n\n\n<p>Questions? Commentaries? Vous pouvez nous joindre en utilisant ce formulaire, ou en nous envoyant un courriel.<br><a href=\"mailto:kentokukan@gmail.com\">kentokukan@gmail.com<\/a><\/p>\n\n\n\n<div class=\"wp-block-getwid-social-links has-large-spacing has-icons-framed\" style=\"font-size:24px\"><ul class=\"wp-block-getwid-social-links__list getwid-justify-content-flex-start\"><li class=\"wp-block-getwid-social-links__item\"><a class=\"wp-block-getwid-social-links__link\" href=\"https:\/\/www.facebook.com\/Kentokukan\" target=\"_blank\" rel=\"noreferrer noopener\"><span class=\"wp-block-getwid-social-links__wrapper\"><i class=\"fab fa-facebook-f\"><\/i><\/span><\/a><\/li><li class=\"wp-block-getwid-social-links__item\"><a class=\"wp-block-getwid-social-links__link\" href=\"https:\/\/www.youtube.com\/channel\/UCybyn_ouaf45vx7ge7btmPQ\" target=\"_blank\" rel=\"noreferrer noopener\"><span class=\"wp-block-getwid-social-links__wrapper\"><i class=\"fab fa-youtube\"><\/i><\/span><\/a><\/li><\/ul><\/div>\n<\/div>\n\n\n\n<div class=\"wp-block-column is-layout-flow wp-block-column-is-layout-flow\">        <div class=\"wp-block-getwid-contact-form\" >\n            <form class='wp-block-getwid-contact-form__form'>\n    \n        <p class='wp-block-getwid-field-name'>\n\t    <label\n        for='name-69ea262fce114'\n        class='wp-block-getwid-field-name__label'\n    >Nom<\/label>\n\t    <input id='name-69ea262fce114' type='text' name='name'            placeholder='Nom'             required=''\n            \/>\n<\/p>\n\n\n        <p class='wp-block-getwid-field-email'>\n\t    <label\n\t\tfor='email-69ea262fce1d1'\n        class='wp-block-getwid-field-email__label'\n    >Courriel <\/label>\n\t    <input id='email-69ea262fce1d1' type='email' name='email'             placeholder='Courriel'             required=''    \/>\n<\/p>\n\n\n        <p class='wp-block-getwid-field-textarea'>\n\t    <label\n\t\tfor='message-69ea262fce253'\n        class='wp-block-getwid-field-textarea__label'\n    >Message<\/label>\n\t    <textarea\n\t\tid='message-69ea262fce253' rows='5' name='message'            placeholder='Message'            required=''\n            ><\/textarea>\n<\/p>\n\n\n    <input name='subject' \t\ttype='hidden'\n\t\/>\n\n\t<p class='wp-block-getwid-contact-form__result'><\/p>\n\n\t<div class='wp-block-getwid-contact-form__submit'>\n\t\t<div class='wp-block-button'>\n\t\t\t<button\n\t\t\t\ttype='submit'\n\t\t\t\tclass='wp-block-button__link'\t\t\t\t\tstyle=''\t\t\t>SOUMETTRE<\/button>\n\t\t<\/div>\n\n\t<\/div>\n<input type=\"hidden\" name=\"trp-form-language\" value=\"fr\"\/><\/form>\n        <\/div>\n\n\n<p><\/p>\n<\/div>\n<\/div>\n<\/div><\/div><\/div><\/div><\/div>","protected":false},"excerpt":{"rendered":"","protected":false},"author":1,"featured_media":0,"parent":0,"menu_order":0,"comment_status":"closed","ping_status":"closed","template":"template-front-page.php","meta":{"footnotes":""},"class_list":["post-2679","page","type-page","status-publish","hentry"],"_links":{"self":[{"href":"https:\/\/kentokukan.com\/fr\/wp-json\/wp\/v2\/pages\/2679"}],"collection":[{"href":"https:\/\/kentokukan.com\/fr\/wp-json\/wp\/v2\/pages"}],"about":[{"href":"https:\/\/kentokukan.com\/fr\/wp-json\/wp\/v2\/types\/page"}],"author":[{"embeddable":true,"href":"https:\/\/kentokukan.com\/fr\/wp-json\/wp\/v2\/users\/1"}],"replies":[{"embeddable":true,"href":"https:\/\/kentokukan.com\/fr\/wp-json\/wp\/v2\/comments?post=2679"}],"version-history":[{"count":50,"href":"https:\/\/kentokukan.com\/fr\/wp-json\/wp\/v2\/pages\/2679\/revisions"}],"predecessor-version":[{"id":3252,"href":"https:\/\/kentokukan.com\/fr\/wp-json\/wp\/v2\/pages\/2679\/revisions\/3252"}],"wp:attachment":[{"href":"https:\/\/kentokukan.com\/fr\/wp-json\/wp\/v2\/media?parent=2679"}],"curies":[{"name":"wp","href":"https:\/\/api.w.org\/{rel}","templated":true}]}}