{"id":2586,"date":"2020-09-03T22:25:27","date_gmt":"2020-09-04T02:25:27","guid":{"rendered":"https:\/\/kentokukan.com\/register-2\/"},"modified":"2020-09-03T22:45:37","modified_gmt":"2020-09-04T02:45:37","slug":"register","status":"publish","type":"page","link":"https:\/\/kentokukan.com\/fr\/register\/","title":{"rendered":"S'inscrire"},"content":{"rendered":"<h2 class=\"wp-block-heading\">Pour devenir un membre de Kentokukan.<\/h2>\n\n\n\n<p>Veuillez utiliser le formulaire suivant pour vous inscrire. Les paiements doivent \u00eatre effectu\u00e9s \u00e0 votre Sensei avant votre inscription. Le fait de ne pas le faire signifie que vous n'avez pas acc\u00e8s au contenu disponible.&nbsp;<strong>Une fois la confirmation de paiement<\/strong>&nbsp;re\u00e7ue, vous serez approuv\u00e9 et aurez acc\u00e8s au mat\u00e9riel. (Vous ne recevrez&nbsp;<em>pas<\/em>&nbsp;de courriel confirmant votre acc\u00e8s, veuillez v\u00e9rifier fr\u00e9quemment.)<\/p>\n\n\n\n<div class=\"um um-register um-2580\">\n\t<div class=\"um-form\" data-mode=\"register\">\n\t\t<form method=\"post\" action=\"\" data-trp-original-action=\"\">\n\t\t\t<div class=\"um-row _um_row_1\" style=\"margin: 0 0 30px 0;\"><div class=\"um-col-1\"><div  id=\"um_field_2580_user_login\" class=\"um-field um-field-text  um-field-user_login um-field-text um-field-type_text\" data-key=\"user_login\"><div class=\"um-field-label\"><label for=\"user_login-2580\">Identifiant<\/label><div class=\"um-clear\"><\/div><\/div><div class=\"um-field-area\"><input  autocomplete=\"off\" class=\"um-form-field valid\" type=\"text\" name=\"user_login-2580\" id=\"user_login-2580\" value=\"\" placeholder=\"\" data-validate=\"unique_username\" data-key=\"user_login\"  aria-invalid=\"false\" \/>\n\n\t\t\t\t\t\t<\/div><\/div><div  id=\"um_field_2580_nickname\" class=\"um-field um-field-text  um-field-nickname um-field-text um-field-type_text\" data-key=\"nickname\"><div class=\"um-field-label\"><label for=\"nickname-2580\">Pseudonyme<\/label><span class=\"um-tip um-tip-w\" title=\"This is how your name will be displayed\"><i class=\"um-icon-help-circled\"><\/i><\/span><div class=\"um-clear\"><\/div><\/div><div class=\"um-field-area\"><input  autocomplete=\"off\" class=\"um-form-field valid not-required\" type=\"text\" name=\"nickname-2580\" id=\"nickname-2580\" value=\"\" placeholder=\"\" data-validate=\"\" data-key=\"nickname\"  aria-invalid=\"false\" \/>\n\n\t\t\t\t\t\t<\/div><\/div><div  id=\"um_field_2580_first_name\" class=\"um-field um-field-text  um-field-first_name um-field-text um-field-type_text\" data-key=\"first_name\"><div class=\"um-field-label\"><label for=\"first_name-2580\">Pr\u00e9nom<\/label><div class=\"um-clear\"><\/div><\/div><div class=\"um-field-area\"><input  autocomplete=\"off\" class=\"um-form-field valid\" type=\"text\" name=\"first_name-2580\" id=\"first_name-2580\" value=\"\" placeholder=\"\" data-validate=\"\" data-key=\"first_name\"  aria-invalid=\"false\" \/>\n\n\t\t\t\t\t\t<\/div><\/div><div  id=\"um_field_2580_last_name\" class=\"um-field um-field-text  um-field-last_name um-field-text um-field-type_text\" data-key=\"last_name\"><div class=\"um-field-label\"><label for=\"last_name-2580\">Nom<\/label><div class=\"um-clear\"><\/div><\/div><div class=\"um-field-area\"><input  autocomplete=\"off\" class=\"um-form-field valid\" type=\"text\" name=\"last_name-2580\" id=\"last_name-2580\" value=\"\" placeholder=\"\" data-validate=\"\" data-key=\"last_name\"  aria-invalid=\"false\" \/>\n\n\t\t\t\t\t\t<\/div><\/div><div  id=\"um_field_2580_user_email\" class=\"um-field um-field-text  um-field-user_email um-field-text um-field-type_text\" data-key=\"user_email\"><div class=\"um-field-label\"><label for=\"user_email-2580\">Adresse courriel<\/label><div class=\"um-clear\"><\/div><\/div><div class=\"um-field-area\"><input  autocomplete=\"off\" class=\"um-form-field valid\" type=\"text\" name=\"user_email-2580\" id=\"user_email-2580\" value=\"\" placeholder=\"\" data-validate=\"unique_email\" data-key=\"user_email\"  aria-invalid=\"false\" \/>\n\n\t\t\t\t\t\t<\/div><\/div><div  id=\"um_field_2580_user_password\" class=\"um-field um-field-password  um-field-user_password um-field-password um-field-type_password\" data-key=\"user_password\"><div class=\"um-field-label\"><label for=\"user_password-2580\">Mot de passe<\/label><div class=\"um-clear\"><\/div><\/div><div class=\"um-field-area\"><input class=\"um-form-field valid\" type=\"password\" name=\"user_password-2580\" id=\"user_password-2580\" value=\"\" placeholder=\"\" data-validate=\"\" data-key=\"user_password\"  aria-invalid=\"false\" \/>\n\n\t\t\t\t\t\t\t<\/div><\/div><div  id=\"um_field_2580_confirm_user_password\" class=\"um-field um-field-password  um-field-user_password um-field-password um-field-type_password\" data-key=\"confirm_user_password\"><div class=\"um-field-label\"><label for=\"confirm_user_password-2580\">Confirmer le Mot de passe<\/label><div class=\"um-clear\"><\/div><\/div><div class=\"um-field-area\"><input class=\"um-form-field valid\" type=\"password\" name=\"confirm_user_password-2580\" id=\"confirm_user_password-2580\" value=\"\" placeholder=\"Confirmer le Mot de passe\" data-validate=\"\" data-key=\"confirm_user_password\"  aria-invalid=\"false\" \/><\/div><\/div><div  id=\"um_field_2580_sensei_name\" class=\"um-field um-field-text  um-field-sensei_name um-field-text um-field-type_text\" data-key=\"sensei_name\"><div class=\"um-field-label\"><div class=\"um-field-label-icon\"><i class=\"um-faicon-hand-o-right\" aria-label=\"Sensei Name\"><\/i><\/div><label for=\"sensei_name-2580\">Sensei Name<\/label><span class=\"um-tip um-tip-w\" title=\"Who is your teacher\"><i class=\"um-icon-help-circled\"><\/i><\/span><div class=\"um-clear\"><\/div><\/div><div class=\"um-field-area\"><input  autocomplete=\"off\" class=\"um-form-field valid\" type=\"text\" name=\"sensei_name-2580\" id=\"sensei_name-2580\" value=\"\" placeholder=\"\" data-validate=\"alphabetic\" data-key=\"sensei_name\"  aria-invalid=\"false\" \/>\n\n\t\t\t\t\t\t<\/div><\/div><div  id=\"um_field_2580_dojo\" class=\"um-field um-field-text  um-field-dojo um-field-text um-field-type_text\" data-key=\"dojo\"><div class=\"um-field-label\"><div class=\"um-field-label-icon\"><i class=\"um-faicon-hand-o-right\" aria-label=\"The name of your dojo (gym)\"><\/i><\/div><label for=\"dojo-2580\">The name of your dojo (gym)<\/label><div class=\"um-clear\"><\/div><\/div><div class=\"um-field-area\"><input  autocomplete=\"off\" class=\"um-form-field valid\" type=\"text\" name=\"dojo-2580\" id=\"dojo-2580\" value=\"\" placeholder=\"\" data-validate=\"alphabetic\" data-key=\"dojo\"  aria-invalid=\"false\" \/>\n\n\t\t\t\t\t\t<\/div><\/div><\/div><\/div>\t\t<input type=\"hidden\" name=\"form_id\" id=\"form_id_2580\" value=\"2580\" \/>\n\t\n\t<p class=\"um_request_name\">\n\t\t<label for=\"um_request_2580\">Only fill in if you are not human<\/label>\n\t\t<input type=\"hidden\" name=\"um_request\" id=\"um_request_2580\" class=\"input\" value=\"\" size=\"25\" autocomplete=\"off\" \/>\n\t<\/p>\n\n\t<input type=\"hidden\" id=\"_wpnonce\" name=\"_wpnonce\" value=\"5191ff2247\" \/><input type=\"hidden\" name=\"_wp_http_referer\" value=\"\/fr\/wp-json\/wp\/v2\/pages\/2586\" \/>\n\t<div class=\"um-col-alt\">\n\n\t\t\n\t\t\t<div class=\"um-left um-half\">\n\t\t\t\t<input type=\"submit\" value=\"Inscription\" class=\"um-button\" id=\"um-submit-btn\" \/>\n\t\t\t<\/div>\n\t\t\t<div class=\"um-right um-half\">\n\t\t\t\t<a href=\"https:\/\/kentokukan.com\/fr\/login\/\" class=\"um-button um-alt\">\n\t\t\t\t\tConnexion\t\t\t\t<\/a>\n\t\t\t<\/div>\n\n\t\t\n\t\t<div class=\"um-clear\"><\/div>\n\n\t<\/div>\n\n\t\t\t<input type=\"hidden\" name=\"trp-form-language\" value=\"fr\"\/><\/form>\n\t<\/div>\n<\/div>\n<style>\n\t\t\t.um-2580.um {\n\t\t\tmax-width: 450px;\n\t\t}\n\t\t<\/style>","protected":false},"excerpt":{"rendered":"<p>To Become A Kentokukan Member Please use the following form to register. Payments should be made to your Sensei, prior to your registration. Neglecting to [&hellip;]<\/p>","protected":false},"author":1,"featured_media":0,"parent":0,"menu_order":0,"comment_status":"closed","ping_status":"closed","template":"","meta":{"footnotes":""},"class_list":["post-2586","page","type-page","status-publish","hentry"],"_links":{"self":[{"href":"https:\/\/kentokukan.com\/fr\/wp-json\/wp\/v2\/pages\/2586"}],"collection":[{"href":"https:\/\/kentokukan.com\/fr\/wp-json\/wp\/v2\/pages"}],"about":[{"href":"https:\/\/kentokukan.com\/fr\/wp-json\/wp\/v2\/types\/page"}],"author":[{"embeddable":true,"href":"https:\/\/kentokukan.com\/fr\/wp-json\/wp\/v2\/users\/1"}],"replies":[{"embeddable":true,"href":"https:\/\/kentokukan.com\/fr\/wp-json\/wp\/v2\/comments?post=2586"}],"version-history":[{"count":1,"href":"https:\/\/kentokukan.com\/fr\/wp-json\/wp\/v2\/pages\/2586\/revisions"}],"predecessor-version":[{"id":2593,"href":"https:\/\/kentokukan.com\/fr\/wp-json\/wp\/v2\/pages\/2586\/revisions\/2593"}],"wp:attachment":[{"href":"https:\/\/kentokukan.com\/fr\/wp-json\/wp\/v2\/media?parent=2586"}],"curies":[{"name":"wp","href":"https:\/\/api.w.org\/{rel}","templated":true}]}}