{"id":2072,"date":"2019-08-06T09:00:35","date_gmt":"2019-08-06T13:00:35","guid":{"rendered":"http:\/\/kentokukan.org\/?page_id=2072"},"modified":"2020-12-24T17:39:46","modified_gmt":"2020-12-24T22:39:46","slug":"contact","status":"publish","type":"page","link":"https:\/\/kentokukan.com\/fr\/contact\/","title":{"rendered":"Nous contacter"},"content":{"rendered":"<p>N'h\u00e9sitez pas \u00e0 nous contacter pour toute question ou commentaire. <\/p>\n\n\n        <div class=\"wp-block-getwid-contact-form\" >\n            <form class='wp-block-getwid-contact-form__form'>\n    \n        <p class='wp-block-getwid-field-name'>\n\t    <label\n        for='name-69ea3aa7f2eb8'\n        class='wp-block-getwid-field-name__label'\n    >Nom<\/label>\n\t    <input id='name-69ea3aa7f2eb8' type='text' name='name'            required=''\n            \/>\n<\/p>\n\n\n        <p class='wp-block-getwid-field-email'>\n\t    <label\n\t\tfor='email-69ea3aa7f3050'\n        class='wp-block-getwid-field-email__label'\n    >Email address<\/label>\n\t    <input id='email-69ea3aa7f3050' type='email' name='email'             required=''    \/>\n<\/p>\n\n\n        <p class='wp-block-getwid-field-textarea'>\n\t    <label\n\t\tfor='message-69ea3aa7f31d5'\n        class='wp-block-getwid-field-textarea__label'\n    >Message<\/label>\n\t    <textarea\n\t\tid='message-69ea3aa7f31d5' rows='5' name='message'            required=''\n            ><\/textarea>\n<\/p>\n\n\n    <input name='subject' \t\ttype='hidden'\n\t\/>\n\n\t<p class='wp-block-getwid-contact-form__result'><\/p>\n\n\t<div class='wp-block-getwid-contact-form__submit'>\n\t\t<div class='wp-block-button'>\n\t\t\t<button\n\t\t\t\ttype='submit'\n\t\t\t\tclass='wp-block-button__link'\t\t\t\t\tstyle=''\t\t\t>Submit<\/button>\n\t\t<\/div>\n\n\t<\/div>\n<input type=\"hidden\" name=\"trp-form-language\" value=\"fr\"\/><\/form>\n        <\/div>\n\n\n<p>Vous pouvez aussi nous \u00e9crire \u00e0 kentokukan@gmail.com<\/p>\n\n\n\n<p>Suivez-nous sur Facebook! Nous aurez l'information la plus r\u00e9cente sur nos \u00e9v\u00e9nements, les photos de nos cours, et plus encore.<\/p>\n\n\n\n<p>Pour nous trouver:  <a href=\"https:\/\/www.facebook.com\/Kentokukan\/\">https:\/\/www.facebook.com\/Kentokukan\/<\/a> <\/p>","protected":false},"excerpt":{"rendered":"<p>Feel free to reach out with any questions or comments. You can also reach us via email Kentokukan@gmail.com Are you following us on Facebook? You [&hellip;]<\/p>","protected":false},"author":1,"featured_media":0,"parent":0,"menu_order":0,"comment_status":"closed","ping_status":"closed","template":"","meta":{"footnotes":""},"class_list":["post-2072","page","type-page","status-publish","hentry"],"_links":{"self":[{"href":"https:\/\/kentokukan.com\/fr\/wp-json\/wp\/v2\/pages\/2072"}],"collection":[{"href":"https:\/\/kentokukan.com\/fr\/wp-json\/wp\/v2\/pages"}],"about":[{"href":"https:\/\/kentokukan.com\/fr\/wp-json\/wp\/v2\/types\/page"}],"author":[{"embeddable":true,"href":"https:\/\/kentokukan.com\/fr\/wp-json\/wp\/v2\/users\/1"}],"replies":[{"embeddable":true,"href":"https:\/\/kentokukan.com\/fr\/wp-json\/wp\/v2\/comments?post=2072"}],"version-history":[{"count":3,"href":"https:\/\/kentokukan.com\/fr\/wp-json\/wp\/v2\/pages\/2072\/revisions"}],"predecessor-version":[{"id":2757,"href":"https:\/\/kentokukan.com\/fr\/wp-json\/wp\/v2\/pages\/2072\/revisions\/2757"}],"wp:attachment":[{"href":"https:\/\/kentokukan.com\/fr\/wp-json\/wp\/v2\/media?parent=2072"}],"curies":[{"name":"wp","href":"https:\/\/api.w.org\/{rel}","templated":true}]}}