{"id":2018,"date":"2019-08-01T17:25:01","date_gmt":"2019-08-01T21:25:01","guid":{"rendered":"http:\/\/kentokukan.org\/?page_id=2018"},"modified":"2019-08-01T17:46:19","modified_gmt":"2019-08-01T21:46:19","slug":"kentokukan-history-and-mission-statement","status":"publish","type":"page","link":"https:\/\/kentokukan.com\/fr\/kentokukan-history-and-mission-statement\/","title":{"rendered":"L\u2019histoire et la mission de Kentokukan"},"content":{"rendered":"<p>Le karatedo Shorinjiryu Kantokukan a \u00e9t\u00e9 fond\u00e9 le 8 janvier 1994 lorsque Shinan Wayne Donivan a pris la d\u00e9cision de quitter le Karatedo Shorinjiryu Kenkokan. L\u2019enseignement de ses professeurs So Shinan Masayuki Kukan Hisataka et Masayoshi Kori Hisataka (fondateurs du Karatedo Kenkokan) demeure une influence d\u00e9terminante dans la vie de Shinan Donivan. Cependant le moment \u00e9tait venu pour lui de tracer sa propre voie dans l\u2019\u00e9tude du karatedo; le moment de s'affranchir de la famille Hisataka apr\u00e8s 25 ans \u00e0 leurs c\u00f4t\u00e9s. Se basant sur l\u2019apprentissage re\u00e7u au sein de Kenkokan, Shinan Donivan a choisi de mettre l\u2019emphase sur les aspects du karatedo qui selon lui r\u00e9pondaient le mieux aux besoins des \u00e9tudiants.<\/p>\n\n\n\n<p>L'\u00e9cole Kentokukan a pour objectif principal la croissance et le d\u00e9veloppement de l'\u00e9tudiant dans son ensemble en lui fournissant  des comp\u00e9tences  pr\u00e9cieuses. Nous nous engageons \u00e0 aider les \u00e9tudiants \u00e0 s'am\u00e9liorer physiquement, intellectuellement, \u00e9motionnellement et spirituellement. Nos enseignants sont des \u00e9ducateurs d\u00e9vou\u00e9s \u00e0 la t\u00e2che d'encourager les \u00e9tudiants \u00e0 \u00eatre les meilleures personnes possibles contribuant ainsi \u00e0 apporter une contribution positive au monde dans lequel nous vivons.<\/p>\n\n\n\n<p>Les techniques de l\u2019\u00e9cole Kentokukan sont une combinaison de nombreux arts martiaux, durs et doux. Elles comprennent des techniques d'\u00e9vasion circulaires et angulaires de tradition chinoise, des coups durs complets du karat\u00e9 d'Okinawa, des techniques japonaises de lutte tir\u00e9es du Jujitsu, du Judo et de l'A\u00efkido et des techniques de boxe et de lutte de l'Occident. <\/p>\n\n\n\n<p>Nous croyons sinc\u00e8rement que le karatedo est b\u00e9n\u00e9fique pour tous. Notre programme pour enfants (4-16 ans) offre la possibilit\u00e9 de d\u00e9velopper l\u2019estime de soi, d\u2019am\u00e9liorer la concentration, l\u2019autodiscipline, la forme physique, la capacit\u00e9 \u00e0 r\u00e9soudre des probl\u00e8mes et de s\u2019initier \u00e0 la comp\u00e9tition. Le programme pour adultes offre une vaste gamme d'exp\u00e9riences d'apprentissage allant de la mise en forme \u00e0 l'acquisition de comp\u00e9tences et \u00e0 la comp\u00e9tition, en passant par les techniques de contr\u00f4le du stress, le bien-\u00eatre personnel et les habilet\u00e9s interpersonnelles.<\/p>\n\n\n\n<p>Chacun a ses propres besoins en mati\u00e8re d\u2019accomplissements personnels. Nous croyons sinc\u00e8rement que le karatedo est le meilleur moyen pour nous permettre de vous aider \u00e0 faire une diff\u00e9rence dans votre vie.<\/p>\n\n\n\n<hr class=\"wp-block-separator is-style-wide\"\/>\n\n\n\n<h2 class=\"wp-block-heading\">Terminologie<\/h2>\n\n\n\n<h3 class=\"wp-block-heading\">Shorinjiryu<\/h3>\n\n\n\n<p>Le terme japonais pour le style du Temple Shaolin<\/p>\n\n\n\n<h3 class=\"wp-block-heading\">Kentokukan<\/h3>\n\n\n\n<p>L'\u00e9cole pour le d\u00e9veloppement de la virtue et du sens moral \u00e0 travers l'\u00e9tude du Karatedo. <\/p>\n\n\n\n<h3 class=\"wp-block-heading\">Karatedo<\/h3>\n\n\n\n<p>Le mot \"Karatedo\" est compos\u00e9 des id\u00e9ogrammes (symboles) \"kara\", \"te\" et \"do\".<\/p>\n\n\n\n<h3 class=\"wp-block-heading\">Kara<\/h3>\n\n\n\n<p> En japonais, c'est une r\u00e9f\u00e9rence \u00e0 l'une des plus brillantes \u00e9poques de l'histoire chinoise, lorsque la dynastie Tang (618-907) \u00e9tait venue repr\u00e9senter la chine au japon. <\/p>\n\n\n\n<p>\"Kara\" veut \u00e9galement dire \"vide\", \"libre\".<\/p>\n\n\n\n<h3 class=\"wp-block-heading\">Te<\/h3>\n\n\n\n<p>Signifie \"main\" ou \"technique\".<\/p>\n\n\n\n<h3 class=\"wp-block-heading\">Do<\/h3>\n\n\n\n<p>Signifie la voie philosophique par laquelle on peut s'accomplir. <\/p>","protected":false},"excerpt":{"rendered":"<p>Shorinjiryu Kentokukan Karatedo came into being on January 8, 1994, as a result of Shinan Wayne Donivan\u2019s decision to leave Shorinjiryu Kenkokan Karatedo. His teacher [&hellip;]<\/p>","protected":false},"author":1,"featured_media":0,"parent":0,"menu_order":0,"comment_status":"closed","ping_status":"closed","template":"","meta":{"footnotes":""},"class_list":["post-2018","page","type-page","status-publish","hentry"],"_links":{"self":[{"href":"https:\/\/kentokukan.com\/fr\/wp-json\/wp\/v2\/pages\/2018"}],"collection":[{"href":"https:\/\/kentokukan.com\/fr\/wp-json\/wp\/v2\/pages"}],"about":[{"href":"https:\/\/kentokukan.com\/fr\/wp-json\/wp\/v2\/types\/page"}],"author":[{"embeddable":true,"href":"https:\/\/kentokukan.com\/fr\/wp-json\/wp\/v2\/users\/1"}],"replies":[{"embeddable":true,"href":"https:\/\/kentokukan.com\/fr\/wp-json\/wp\/v2\/comments?post=2018"}],"version-history":[{"count":2,"href":"https:\/\/kentokukan.com\/fr\/wp-json\/wp\/v2\/pages\/2018\/revisions"}],"predecessor-version":[{"id":2026,"href":"https:\/\/kentokukan.com\/fr\/wp-json\/wp\/v2\/pages\/2018\/revisions\/2026"}],"wp:attachment":[{"href":"https:\/\/kentokukan.com\/fr\/wp-json\/wp\/v2\/media?parent=2018"}],"curies":[{"name":"wp","href":"https:\/\/api.w.org\/{rel}","templated":true}]}}