{"id":1910,"date":"2019-07-13T16:23:30","date_gmt":"2019-07-13T20:23:30","guid":{"rendered":"http:\/\/kentokukan.org\/?page_id=1910"},"modified":"2026-01-30T08:46:33","modified_gmt":"2026-01-30T13:46:33","slug":"karate-training-centers-dojo","status":"publish","type":"page","link":"https:\/\/kentokukan.com\/fr\/karate-training-centers-dojo\/","title":{"rendered":"Centres d\u2019entra\u00eenement de Karat\u00e9 \u2013 Dojo"},"content":{"rendered":"<p>Kentokukan poss\u00e8de des centres d'entra\u00eenement de karat\u00e9 (dojo) dans 3 provinces \u00e0 travers le Canada. <\/p>\n\n\n\n<hr class=\"wp-block-separator has-text-color has-css-opacity has-background is-style-dots\" style=\"background-color:#590404;color:#590404\"\/>\n\n\n\n<h2 class=\"wp-block-heading\" id=\"montreal-area-karate-training-centers\">Centres d'entra\u00eenement de Karat\u00e9 de la r\u00e9gion de Montr\u00e9al<\/h2>\n\n\n\n<h3 class=\"wp-block-heading\" id=\"kentokukan-hombu-dojo\">Kentokukan Honbu Dojo<\/h3>\n\n\n\n<h4 class=\"wp-block-heading\">Yudansha\/Ceintures Noires:<\/h4>\n\n\n\n<p><span style=\"text-decoration: underline;\">P\u00e9riode de cours<\/span>20 Janvier 2026 au 7 Avril 2026<\/p>\n\n\n\n<p><span style=\"text-decoration: underline\">Lieu<\/span>:   <a href=\"http:\/\/www.vfitpro.ca\/\" target=\"_blank\" rel=\"noreferrer noopener\">V- Fit P.R.O.<\/a> Solutions (10 rue Milner, Montreal Ouest, QC)<\/p>\n\n\n\n<p><span style=\"text-decoration: underline\">Horaire des cours<\/span>: <\/p>\n\n\n\n<p>Mardi: <\/p>\n\n\n\n<ul class=\"wp-block-list\">\n<li>7:30pm-9:30pm (Black Belts ONLY)<\/li>\n<\/ul>\n\n\n\n<p><span style=\"text-decoration: underline\">Sensei<\/span>: <a href=\"https:\/\/kentokukan.com\/fr\/biography-of-shinan-wayne-donivan\/\">Shinan Donivan<\/a> 9i\u00e8me Dan<\/p>\n\n\n\n<p><span style=\"text-decoration: underline\">Coordonn\u00e9es<\/span>: kentokukan@gmail.com<\/p>\n\n\n\n<hr class=\"wp-block-separator has-text-color has-css-opacity has-background is-style-dots\" style=\"background-color:#590404;color:#590404\"\/>\n\n\n\n<hr class=\"wp-block-separator has-text-color has-css-opacity has-background is-style-dots\" style=\"background-color:#590404;color:#590404\"\/>\n\n\n\n<h3 class=\"wp-block-heading\" id=\"seishinkan-dojo\">Seishinkan Dojo<\/h3>\n\n\n\n<p><span style=\"text-decoration: underline;\">P\u00e9riode de cours<\/span>: En continu<\/p>\n\n\n\n<p><span style=\"text-decoration: underline\">Lieu<\/span>: Tristar Gym (5275 Ferrier, #301, Montreal, QC)<\/p>\n\n\n\n<p><span style=\"text-decoration: underline\">Horaire des cours<\/span>:<\/p>\n\n\n\n<p>Samedi:<\/p>\n\n\n\n<ul class=\"wp-block-list\">\n<li>10h00-11:h0 (enfants 7 ans et moins)<\/li>\n\n\n\n<li>11h00-12h30 (8 ans et plus)<\/li>\n<\/ul>\n\n\n\n<p><span style=\"text-decoration: underline\">Sensei<\/span>Kyoshi Filippelli \u2013 7e Dan, Shihan Morin \u2013 6e Dan<\/p>\n\n\n\n<p><span style=\"text-decoration: underline\">Coordonn\u00e9es<\/span>seishinkan@hotmail.com ou Gym Tristar (514) 343-0148 <\/p>\n\n\n\n<div class=\"wp-block-buttons is-content-justification-center is-layout-flex wp-container-core-buttons-is-layout-1 wp-block-buttons-is-layout-flex\">\n<div class=\"wp-block-button\"><a class=\"wp-block-button__link wp-element-button\" href=\"https:\/\/www.facebook.com\/SeishinkanMTL\" target=\"_blank\" rel=\"noreferrer noopener\">Site Web<\/a><\/div>\n<\/div>\n\n\n\n<hr class=\"wp-block-separator has-text-color has-css-opacity has-background is-style-dots\" style=\"background-color:#590404;color:#590404\"\/>\n\n\n\n<h3 class=\"wp-block-heading\" id=\"kazoku-kai-dojo\">Kazoku Kai Dojo<\/h3>\n\n\n\n<p><span style=\"text-decoration: underline;\">P\u00e9riode de cours<\/span>: En continu<\/p>\n\n\n\n<p><span style=\"text-decoration: underline\">Lieu<\/span>: <a href=\"http:\/\/www.vfitpro.ca\/\" target=\"_blank\" rel=\"noreferrer noopener\">V- Fit P.R.O.<\/a> Solutions, 10 Milner St., Montreal West, QC<\/p>\n\n\n\n<p><span style=\"text-decoration: underline\">Horaire des cours<\/span>:<\/p>\n\n\n\n<p>Tuesday<\/p>\n\n\n\n<ul class=\"wp-block-list\">\n<li>17h30-18h30 (6 \u00e0 10 ans)<\/li>\n\n\n\n<li>18h30-19h30 (11 ans et plus)<\/li>\n<\/ul>\n\n\n\n<p>Saturday<\/p>\n\n\n\n<ul class=\"wp-block-list\">\n<li>09h30-10h15 (3 \u00e0 5 ans)<\/li>\n\n\n\n<li>10h30-11h30 (6 \u00e0 10 ans)<\/li>\n\n\n\n<li>11h30-12h30 (11 ans et plus)<\/li>\n<\/ul>\n\n\n\n<p><span style=\"text-decoration: underline\">Sensei<\/span>: Kyoshi Taddeo \u2013 7e Dan<\/p>\n\n\n\n<p><span style=\"text-decoration: underline\">Coordonn\u00e9es<\/span>: <a href=\"mailto:info@vfitpro.ca\" target=\"_blank\" rel=\"noreferrer noopener\">info@vfitpro.ca<\/a>&nbsp;ou (514) 718-1597<\/p>\n\n\n\n<div class=\"wp-block-buttons is-content-justification-center is-layout-flex wp-container-core-buttons-is-layout-2 wp-block-buttons-is-layout-flex\">\n<div class=\"wp-block-button\"><a class=\"wp-block-button__link wp-element-button\" href=\"https:\/\/vfitpro.ca\/\" target=\"_blank\" rel=\"noreferrer noopener\">Site Web<\/a><\/div>\n<\/div>\n\n\n\n<hr class=\"wp-block-separator has-text-color has-css-opacity has-background is-style-dots\" style=\"background-color:#590404;color:#590404\"\/>\n\n\n\n<h3 class=\"wp-block-heading\" id=\"kenshinkai-dojo\">Kenshinkai Dojo<\/h3>\n\n\n\n<p><span style=\"text-decoration: underline\">Lieu<\/span>Centre Communautaire Hudson (394 Main Rd, Hudson, QC)<\/p>\n\n\n\n<p><span style=\"text-decoration: underline\">Horaire des cours<\/span>:<\/p>\n\n\n\n<p>Jeudi<\/p>\n\n\n\n<ul class=\"wp-block-list\">\n<li>17h00-18h30 (Junior \u00e0 partir de 7 ans et Adultes)<\/li>\n<\/ul>\n\n\n\n<p><span style=\"text-decoration: underline\">Sensei<\/span>: Shihan Di Filippo &#8211; 6th Dan<\/p>\n\n\n\n<p><span style=\"text-decoration: underline\">Coordonn\u00e9es<\/span>luigi.difilippo@outlook.com ou Centre Communautaire Hudson (450) 458-6699<\/p>\n\n\n\n<hr class=\"wp-block-separator has-text-color has-css-opacity has-background is-style-dots\" style=\"background-color:#590404;color:#590404\"\/>\n\n\n\n<h3 class=\"wp-block-heading\" id=\"budo-kai\">Budo Kai Dojo<\/h3>\n\n\n\n<p><span style=\"text-decoration: underline;\">P\u00e9riode de cours<\/span>: \u00c0En continu. Contactez-nous pour plus de d\u00e9tails<\/p>\n\n\n\n<p><span style=\"text-decoration: underline;\">Lieu<\/span>2705 rue Masson, Montr\u00e9al, QC<\/p>\n\n\n\n<p><span style=\"text-decoration: underline;\">Horaire des cours<\/span>:<\/p>\n\n\n\n<p>Lundi:<\/p>\n\n\n\n<ul class=\"wp-block-list\">\n<li>19h00-20h30 (Adultes)<\/li>\n<\/ul>\n\n\n\n<p>Jeudi<\/p>\n\n\n\n<ul class=\"wp-block-list\">\n<li>18h30-20h00 (Adultes)<\/li>\n<\/ul>\n\n\n\n<p><span style=\"text-decoration: underline;\">Sensei<\/span>: Shihan Morin &#8211; 6th Dan, Sempai Nadim &#8211; 3rd Dan<\/p>\n\n\n\n<p><span style=\"text-decoration: underline;\">Coordonn\u00e9es<\/span>: budokaimontreal@gmail.com<\/p>\n\n\n\n<div class=\"wp-block-buttons is-content-justification-center is-layout-flex wp-container-core-buttons-is-layout-3 wp-block-buttons-is-layout-flex\">\n<div class=\"wp-block-button\"><a class=\"wp-block-button__link wp-element-button\" href=\"https:\/\/budokaimontreal.com\/\" target=\"_blank\" rel=\"noreferrer noopener\">Site Web<\/a><\/div>\n<\/div>\n\n\n\n<hr class=\"wp-block-separator has-alpha-channel-opacity is-style-dots\"\/>\n\n\n\n<hr class=\"wp-block-separator has-text-color has-css-opacity has-background is-style-dots\" style=\"background-color:#590404;color:#590404\"\/>\n\n\n\n<h2 class=\"wp-block-heading\" id=\"ontario-karate-training-centers\">Centres d'entra\u00eenement de Karat\u00e9 de l'Ontario<\/h2>\n\n\n\n<h3 class=\"wp-block-heading\" id=\"shuyokan-dojo\">Shuyokan Dojo<\/h3>\n\n\n\n<p>Dates des cours: en continu<\/p>\n\n\n\n<p><span style=\"text-decoration: underline\">Lieu<\/span>: 250 Somerset E, Ottawa, Ontario, K1N-6V6<\/p>\n\n\n\n<p><span style=\"text-decoration: underline\">Horaire des cours<\/span>:<\/p>\n\n\n\n<p>Jeudi<\/p>\n\n\n\n<ul class=\"wp-block-list\">\n<li>18h00-19h00 (Junior 6-16 ans)<\/li>\n\n\n\n<li>19h00-20h00 (Junior 6-16 ans)<\/li>\n\n\n\n<li>20h00-21h00 (Adultes)<\/li>\n<\/ul>\n\n\n\n<p><span style=\"text-decoration: underline\">Sensei<\/span>: shihan Hunter \u2013 6e Dan, Sempai Howard Rosenblum \u2013 3e Dan<\/p>\n\n\n\n<p><span style=\"text-decoration: underline\">Coordonn\u00e9es<\/span>: shuyokandojo@gmail.com or (613) 286-0476<\/p>\n\n\n\n<div class=\"wp-block-buttons is-content-justification-center is-layout-flex wp-container-core-buttons-is-layout-4 wp-block-buttons-is-layout-flex\">\n<div class=\"wp-block-button\"><a class=\"wp-block-button__link wp-element-button\" href=\"https:\/\/shuyokandojo.com\/\" target=\"_blank\" rel=\"noreferrer noopener\">Site Web<\/a><\/div>\n<\/div>\n\n\n\n<hr class=\"wp-block-separator has-text-color has-css-opacity has-background is-style-dots\" style=\"background-color:#590404;color:#590404\"\/>\n\n\n\n<hr class=\"wp-block-separator has-text-color has-css-opacity has-background is-style-dots\" style=\"background-color:#590404;color:#590404\"\/>\n\n\n\n<h2 class=\"wp-block-heading\" id=\"alberta-karate-training-centers\">Centres d'entra\u00eenement de Karat\u00e9 de l'Alberta<\/h2>\n\n\n\n<h3 class=\"wp-block-heading\" id=\"wa-no-kaze-kai-dojo\">Wa No Kaze Kai Dojo<\/h3>\n\n\n\n<p><span style=\"text-decoration: underline;\">P\u00e9riode de cours<\/span>15 septembre 2025 - 27 mai 2026<\/p>\n\n\n\n<p><span style=\"text-decoration: underline\">Lieu<\/span><span style=\"text-decoration: underline;\">s<\/span>: Whispering Hills Primary School (3001 Whispering Hills Drive, Athabasca, AB)<\/p>\n\n\n\n<p><span style=\"text-decoration: underline\">Horaire des cours<\/span>SVP arrivez avant 18h10 pour pouvoir acc\u00e9der \u00e0 l'\u00e9cole<\/p>\n\n\n\n<p>Monday and Wednesday:<\/p>\n\n\n\n<ul class=\"wp-block-list\">\n<li>18h30 \u2013 20h00 (Age 14 ans+ et adultes)<\/li>\n<\/ul>\n\n\n\n<p><span style=\"text-decoration: underline\">Sensei<\/span>: Kyoshi Cindy Jones, 7th dan, Shihan Daryl Jones, 6th dan, Sensei John Day, 4th dan<\/p>\n\n\n\n<p><span style=\"text-decoration: underline\">Coordonn\u00e9es<\/span>: wanokazekai@gmail.com, ou Kyoshi Cindy Jones 780-689-0659.<\/p>\n\n\n\n<p><span style=\"text-decoration: underline\">Autre information<\/span>: L\u2019entra\u00eenement s\u2019adresse \u00e0 tous les niveaux de condition physique ou \u00e0 tout niveau d\u2019exp\u00e9rience en arts martiaux. Page Facebook (avec informations de base sur le club) : Wa-no Kaze Kai Karate \u2013 Athabasca<\/p>","protected":false},"excerpt":{"rendered":"<p>Kentokukan has karate training centers (dojo) in 3 provinces across Canada. Montreal Area Karate Training Centers Kentokukan Honbu Dojo Yudansha\/Black Belts Class Dates: Jan. 20, [&hellip;]<\/p>","protected":false},"author":1,"featured_media":0,"parent":0,"menu_order":0,"comment_status":"closed","ping_status":"closed","template":"","meta":{"footnotes":""},"class_list":["post-1910","page","type-page","status-publish","hentry"],"_links":{"self":[{"href":"https:\/\/kentokukan.com\/fr\/wp-json\/wp\/v2\/pages\/1910"}],"collection":[{"href":"https:\/\/kentokukan.com\/fr\/wp-json\/wp\/v2\/pages"}],"about":[{"href":"https:\/\/kentokukan.com\/fr\/wp-json\/wp\/v2\/types\/page"}],"author":[{"embeddable":true,"href":"https:\/\/kentokukan.com\/fr\/wp-json\/wp\/v2\/users\/1"}],"replies":[{"embeddable":true,"href":"https:\/\/kentokukan.com\/fr\/wp-json\/wp\/v2\/comments?post=1910"}],"version-history":[{"count":108,"href":"https:\/\/kentokukan.com\/fr\/wp-json\/wp\/v2\/pages\/1910\/revisions"}],"predecessor-version":[{"id":3365,"href":"https:\/\/kentokukan.com\/fr\/wp-json\/wp\/v2\/pages\/1910\/revisions\/3365"}],"wp:attachment":[{"href":"https:\/\/kentokukan.com\/fr\/wp-json\/wp\/v2\/media?parent=1910"}],"curies":[{"name":"wp","href":"https:\/\/api.w.org\/{rel}","templated":true}]}}